{"id":74,"date":"2020-11-05T12:58:56","date_gmt":"2020-11-05T12:58:56","guid":{"rendered":"http:\/\/buschhof.de\/?page_id=74"},"modified":"2020-11-05T13:45:57","modified_gmt":"2020-11-05T13:45:57","slug":"wir-stellen-uns-vor","status":"publish","type":"page","link":"http:\/\/buschhof.de\/?page_id=74","title":{"rendered":"Wir stellen uns vor&#8230;."},"content":{"rendered":"\n<div class=\"wp-block-image\"><figure class=\"alignleft is-resized\"><img decoding=\"async\" loading=\"lazy\" src=\"http:\/\/buschhof.de\/wp-content\/uploads\/2020\/05\/IMG_0820-1024x768.jpg\" alt=\"\" class=\"wp-image-21\" width=\"280\" height=\"210\" srcset=\"http:\/\/buschhof.de\/wp-content\/uploads\/2020\/05\/IMG_0820-1024x768.jpg 1024w, http:\/\/buschhof.de\/wp-content\/uploads\/2020\/05\/IMG_0820-300x225.jpg 300w, http:\/\/buschhof.de\/wp-content\/uploads\/2020\/05\/IMG_0820-768x576.jpg 768w\" sizes=\"(max-width: 280px) 100vw, 280px\" \/><\/figure><\/div>\n\n\n\n<p>Der Ferienhof Albers bietet als kinderfreundlicher landwirtschaftlicher Betrieb noch so richtig &#8222;Urlaub auf dem Bauernhof&#8220;. Der &#8222;Buschhof&#8220;, so die traditionell \u00fcberlieferte Bezeichnung des Anwesens, liegt im Norden Ostfrieslands, an der Stra\u00dfe zwischen Neuharlingersiel und Esens, jedoch ruhig und idyllisch abseits des Autoverkehrs inmitten saftigen Gr\u00fcnlands.<\/p>\n\n\n\n<p><\/p>\n\n\n\n<p><\/p>\n\n\n\n<div class=\"wp-block-image\"><figure class=\"alignright is-resized\"><img decoding=\"async\" loading=\"lazy\" src=\"http:\/\/buschhof.de\/wp-content\/uploads\/2020\/05\/IMG_0921-1024x768.jpg\" alt=\"\" class=\"wp-image-26\" width=\"292\" height=\"219\" srcset=\"http:\/\/buschhof.de\/wp-content\/uploads\/2020\/05\/IMG_0921-1024x768.jpg 1024w, http:\/\/buschhof.de\/wp-content\/uploads\/2020\/05\/IMG_0921-300x225.jpg 300w, http:\/\/buschhof.de\/wp-content\/uploads\/2020\/05\/IMG_0921-768x576.jpg 768w\" sizes=\"(max-width: 292px) 100vw, 292px\" \/><\/figure><\/div>\n\n\n\n<p><\/p>\n\n\n\n<p>Der Buschhof &#8211; ein reiner Gr\u00fcnlandbetrieb mit etwa 500 K\u00fchen. Die Lage unseres Ferienhofs ist zentral zwischen der Kleinstadt Esens und den Kurorten Bensersiel und Neuharlingersiel, in denen sich zahlreiche Einrichtungen f\u00fcr Freizeit, Sport und Kultur f\u00fcr alle Altersstufen befinden.<\/p>\n\n\n\n<p><\/p>\n\n\n\n<p><\/p>\n\n\n\n<p><\/p>\n\n\n\n<div class=\"wp-block-image\"><figure class=\"alignleft is-resized\"><img decoding=\"async\" loading=\"lazy\" src=\"http:\/\/buschhof.de\/wp-content\/uploads\/2020\/05\/IMG_1398-734x1024.jpg\" alt=\"\" class=\"wp-image-27\" width=\"322\" height=\"449\" srcset=\"http:\/\/buschhof.de\/wp-content\/uploads\/2020\/05\/IMG_1398-734x1024.jpg 734w, http:\/\/buschhof.de\/wp-content\/uploads\/2020\/05\/IMG_1398-215x300.jpg 215w, http:\/\/buschhof.de\/wp-content\/uploads\/2020\/05\/IMG_1398-768x1071.jpg 768w\" sizes=\"(max-width: 322px) 100vw, 322px\" \/><\/figure><\/div>\n\n\n\n<p><\/p>\n\n\n\n<p><\/p>\n\n\n\n<p><\/p>\n\n\n\n<p>Auf dem Buschhof gibt es viel zu entdecken. Luna, die Berner Sennenh\u00fcndin nimmt die G\u00e4ste freudig in Begr\u00fc\u00dfung. Morgens und Abends werden die K\u00fche gemolken und die K\u00e4lber gef\u00fcttert. Vielleicht erlebt man sogar die Geburt eines Kalbes? Die Hofkatzen vertreiben ihre Zeit beim Spielen oder beim &#8222;Schmusen&#8220; mit den K\u00e4lbern. <\/p>\n","protected":false},"excerpt":{"rendered":"<p>Der Ferienhof Albers bietet als kinderfreundlicher landwirtschaftlicher Betrieb noch so richtig &#8222;Urlaub auf dem Bauernhof&#8220;. Der &#8222;Buschhof&#8220;, so die traditionell \u00fcberlieferte Bezeichnung des Anwesens, liegt im Norden Ostfrieslands, an der Stra\u00dfe zwischen Neuharlingersiel und Esens, jedoch ruhig und idyllisch abseits des Autoverkehrs inmitten saftigen Gr\u00fcnlands. Der Buschhof &#8211; ein reiner Gr\u00fcnlandbetrieb mit etwa 500 K\u00fchen. &hellip;<\/p>\n<p class=\"read-more\"> <a class=\"\" href=\"http:\/\/buschhof.de\/?page_id=74\"> <span class=\"screen-reader-text\">Wir stellen uns vor&#8230;.<\/span> Weiterlesen &raquo;<\/a><\/p>\n","protected":false},"author":1,"featured_media":0,"parent":0,"menu_order":2,"comment_status":"closed","ping_status":"closed","template":"","meta":[],"_links":{"self":[{"href":"http:\/\/buschhof.de\/index.php?rest_route=\/wp\/v2\/pages\/74"}],"collection":[{"href":"http:\/\/buschhof.de\/index.php?rest_route=\/wp\/v2\/pages"}],"about":[{"href":"http:\/\/buschhof.de\/index.php?rest_route=\/wp\/v2\/types\/page"}],"author":[{"embeddable":true,"href":"http:\/\/buschhof.de\/index.php?rest_route=\/wp\/v2\/users\/1"}],"replies":[{"embeddable":true,"href":"http:\/\/buschhof.de\/index.php?rest_route=%2Fwp%2Fv2%2Fcomments&post=74"}],"version-history":[{"count":9,"href":"http:\/\/buschhof.de\/index.php?rest_route=\/wp\/v2\/pages\/74\/revisions"}],"predecessor-version":[{"id":156,"href":"http:\/\/buschhof.de\/index.php?rest_route=\/wp\/v2\/pages\/74\/revisions\/156"}],"wp:attachment":[{"href":"http:\/\/buschhof.de\/index.php?rest_route=%2Fwp%2Fv2%2Fmedia&parent=74"}],"curies":[{"name":"wp","href":"https:\/\/api.w.org\/{rel}","templated":true}]}}